{"id":34,"date":"2022-12-28T23:35:09","date_gmt":"2022-12-28T23:35:09","guid":{"rendered":"https:\/\/soutien-scolaire.advancepro.nc\/?page_id=34"},"modified":"2024-11-03T23:25:00","modified_gmt":"2024-11-03T23:25:00","slug":"pre-inscription","status":"publish","type":"page","link":"https:\/\/soutien-scolaire.advancepro.nc\/","title":{"rendered":"Pr\u00e9-inscription"},"content":{"rendered":"\n<div class=\"wp-block-columns is-layout-flex wp-container-core-columns-is-layout-9d6595d7 wp-block-columns-is-layout-flex\">\n<div class=\"wp-block-column is-layout-flow wp-block-column-is-layout-flow\" style=\"flex-basis:100%\">\n<p>Ce formulaire* permettra \u00e0 l&rsquo;\u00e9quipe p\u00e9dagogique de Cours Omega de pr\u00e9parer au mieux le planning des cours 2025.<\/p>\n\n\n\n<p>Suite \u00e0 l&rsquo;enregistrement de votre demande, nous vous contacterons pour confirmer les dates et les horaires des s\u00e9ances.<\/p>\n<\/div>\n<\/div>\n\n\n\n<div class=\"wp-block-contact-form-7-contact-form-selector\">\n<div class=\"wpcf7 no-js\" id=\"wpcf7-f32-o1\" lang=\"fr-FR\" dir=\"ltr\" data-wpcf7-id=\"32\">\n<div class=\"screen-reader-response\"><p role=\"status\" aria-live=\"polite\" aria-atomic=\"true\"><\/p> <ul><\/ul><\/div>\n<form action=\"\/index.php?rest_route=%2Fwp%2Fv2%2Fpages%2F34#wpcf7-f32-o1\" method=\"post\" class=\"wpcf7-form init\" aria-label=\"Formulaire de contact\" novalidate=\"novalidate\" data-status=\"init\">\n<fieldset class=\"hidden-fields-container\"><input type=\"hidden\" name=\"_wpcf7\" value=\"32\" \/><input type=\"hidden\" name=\"_wpcf7_version\" value=\"6.1.5\" \/><input type=\"hidden\" name=\"_wpcf7_locale\" value=\"fr_FR\" \/><input type=\"hidden\" name=\"_wpcf7_unit_tag\" value=\"wpcf7-f32-o1\" \/><input type=\"hidden\" name=\"_wpcf7_container_post\" value=\"0\" \/><input type=\"hidden\" name=\"_wpcf7_posted_data_hash\" value=\"\" \/>\n<\/fieldset>\n<p><label> Nom du demandeur<br \/>\n<span class=\"wpcf7-form-control-wrap\" data-name=\"your-lastname\"><input size=\"40\" maxlength=\"400\" class=\"wpcf7-form-control wpcf7-text wpcf7-validates-as-required\" autocomplete=\"name\" aria-required=\"true\" aria-invalid=\"false\" value=\"\" type=\"text\" name=\"your-lastname\" \/><\/span> <\/label>\n<\/p>\n<p><label> Pr\u00e9nom du demandeur<br \/>\n<span class=\"wpcf7-form-control-wrap\" data-name=\"your-firstname\"><input size=\"40\" maxlength=\"400\" class=\"wpcf7-form-control wpcf7-text wpcf7-validates-as-required\" autocomplete=\"name\" aria-required=\"true\" aria-invalid=\"false\" value=\"\" type=\"text\" name=\"your-firstname\" \/><\/span> <\/label>\n<\/p>\n<p><label> Votre e-mail<br \/>\n<span class=\"wpcf7-form-control-wrap\" data-name=\"your-email\"><input size=\"40\" maxlength=\"400\" class=\"wpcf7-form-control wpcf7-email wpcf7-validates-as-required wpcf7-text wpcf7-validates-as-email\" autocomplete=\"email\" aria-required=\"true\" aria-invalid=\"false\" value=\"\" type=\"email\" name=\"your-email\" \/><\/span> <\/label>\n<\/p>\n<p><label> Votre t\u00e9l\u00e9phone<br \/>\n<span class=\"wpcf7-form-control-wrap\" data-name=\"tel-786\"><input size=\"40\" maxlength=\"400\" class=\"wpcf7-form-control wpcf7-tel wpcf7-validates-as-required wpcf7-text wpcf7-validates-as-tel\" aria-required=\"true\" aria-invalid=\"false\" placeholder=\"+687\" value=\"\" type=\"tel\" name=\"tel-786\" \/><\/span> <\/label>\n<\/p>\n<p><label> Nom \u00e9l\u00e8ve<br \/>\n<span class=\"wpcf7-form-control-wrap\" data-name=\"your-lastname\"><input size=\"40\" maxlength=\"400\" class=\"wpcf7-form-control wpcf7-text wpcf7-validates-as-required\" autocomplete=\"name\" aria-required=\"true\" aria-invalid=\"false\" value=\"\" type=\"text\" name=\"your-lastname\" \/><\/span> <\/label>\n<\/p>\n<p><label> Pr\u00e9nom \u00e9l\u00e8ve<br \/>\n<span class=\"wpcf7-form-control-wrap\" data-name=\"your-firsttname\"><input size=\"40\" maxlength=\"400\" class=\"wpcf7-form-control wpcf7-text wpcf7-validates-as-required\" autocomplete=\"name\" aria-required=\"true\" aria-invalid=\"false\" value=\"\" type=\"text\" name=\"your-firsttname\" \/><\/span> <\/label>\n<\/p>\n<p><label> Classe en 2024<br \/>\n<span class=\"wpcf7-form-control-wrap\" data-name=\"menu-139\"><select class=\"wpcf7-form-control wpcf7-select wpcf7-validates-as-required\" aria-required=\"true\" aria-invalid=\"false\" name=\"menu-139\"><option value=\"\">&#8212;Veuillez choisir une option&#8212;<\/option><option value=\"CP\">CP<\/option><option value=\"CE1\">CE1<\/option><option value=\"CE2\">CE2<\/option><option value=\"CM1\">CM1<\/option><option value=\"CM2\">CM2<\/option><option value=\"6e\">6e<\/option><option value=\"5e\">5e<\/option><option value=\"4e\">4e<\/option><option value=\"3e\">3e<\/option><option value=\"2de\">2de<\/option><option value=\"1re\">1re<\/option><option value=\"Terminale\">Terminale<\/option><option value=\"Sup\u00e9rieur\">Sup\u00e9rieur<\/option><option value=\"Concours\">Concours<\/option><\/select><\/span> <\/label>\n<\/p>\n<p><label> Mati\u00e8re(s)<br \/>\n<span class=\"wpcf7-form-control-wrap\" data-name=\"checkbox-881\"><span class=\"wpcf7-form-control wpcf7-checkbox\"><span class=\"wpcf7-list-item first last\"><input type=\"checkbox\" name=\"checkbox-881[]\" value=\"Fran\u00e7ais\" \/><span class=\"wpcf7-list-item-label\">Fran\u00e7ais<\/span><\/span><\/span><\/span><br \/>\n<span class=\"wpcf7-form-control-wrap\" data-name=\"checkbox-201\"><span class=\"wpcf7-form-control wpcf7-checkbox\"><span class=\"wpcf7-list-item first last\"><input type=\"checkbox\" name=\"checkbox-201[]\" value=\"Math\u00e9matiques\" \/><span class=\"wpcf7-list-item-label\">Math\u00e9matiques<\/span><\/span><\/span><\/span><br \/>\n<span class=\"wpcf7-form-control-wrap\" data-name=\"checkbox-202\"><span class=\"wpcf7-form-control wpcf7-checkbox\"><span class=\"wpcf7-list-item first last\"><input type=\"checkbox\" name=\"checkbox-202[]\" value=\"Physique-Chimie\" \/><span class=\"wpcf7-list-item-label\">Physique-Chimie<\/span><\/span><\/span><\/span><br \/>\n<span class=\"wpcf7-form-control-wrap\" data-name=\"checkbox-204\"><span class=\"wpcf7-form-control wpcf7-checkbox\"><span class=\"wpcf7-list-item first last\"><input type=\"checkbox\" name=\"checkbox-204[]\" value=\"SVT\" \/><span class=\"wpcf7-list-item-label\">SVT<\/span><\/span><\/span><\/span> <\/label>\n<\/p>\n<p><label> Disponibilit\u00e9 (d\u00e9but): <span class=\"wpcf7-form-control-wrap\" data-name=\"date-718\"><input class=\"wpcf7-form-control wpcf7-date wpcf7-validates-as-required wpcf7-validates-as-date\" aria-required=\"true\" aria-invalid=\"false\" value=\"\" type=\"date\" name=\"date-718\" \/><\/span> Disponibilit\u00e9 (fin): <span class=\"wpcf7-form-control-wrap\" data-name=\"date-285\"><input class=\"wpcf7-form-control wpcf7-date wpcf7-validates-as-required wpcf7-validates-as-date\" aria-required=\"true\" aria-invalid=\"false\" value=\"\" type=\"date\" name=\"date-285\" \/><\/span> <\/label>\n<\/p>\n<p><label> Votre message (facultatif)<br \/>\n<span class=\"wpcf7-form-control-wrap\" data-name=\"your-message\"><textarea cols=\"40\" rows=\"10\" maxlength=\"2000\" class=\"wpcf7-form-control wpcf7-textarea\" aria-invalid=\"false\" name=\"your-message\"><\/textarea><\/span> <\/label>\n<\/p>\n<p><input class=\"wpcf7-form-control wpcf7-submit has-spinner\" type=\"submit\" value=\"Envoyer\" \/>\n<\/p><p style=\"display: none !important;\" class=\"akismet-fields-container\" data-prefix=\"_wpcf7_ak_\"><label>&#916;<textarea name=\"_wpcf7_ak_hp_textarea\" cols=\"45\" rows=\"8\" maxlength=\"100\"><\/textarea><\/label><input type=\"hidden\" id=\"ak_js_1\" name=\"_wpcf7_ak_js\" value=\"225\"\/><script>\ndocument.getElementById( \"ak_js_1\" ).setAttribute( \"value\", ( new Date() ).getTime() );\n<\/script>\n<\/p><div class=\"wpcf7-response-output\" aria-hidden=\"true\"><\/div>\n<\/form>\n<\/div>\n<\/div>\n\n\n\n<p>*<em>Remplir un formulaire par \u00e9l\u00e8ve<\/em><\/p>\n\n\n\n<hr class=\"wp-block-separator has-alpha-channel-opacity is-style-wide\"\/>\n\n\n\n<p class=\"has-small-font-size\">Vos informations personnelles recueillies par notre formulaire font l\u2019objet d\u2019un traitement destin\u00e9 \u00e0 Cours Omega NC. Le traitement de vos donn\u00e9es a pour finalit\u00e9 la gestion d&rsquo;inscription et l\u2019envoi des informations n\u00e9cessaires \u00e0 votre inscription d\u00e9finitive dans l&rsquo;\u00e9cole de soutien scolaire. Ces informations sont destin\u00e9es aux services administratifs pour les suites de votre inscription. Elles sont conserv\u00e9es le temps n\u00e9cessaire \u00e0 leur finalit\u00e9. Vous b\u00e9n\u00e9ficiez d\u2019un droit d\u2019acc\u00e8s, de rectification, de portabilit\u00e9, d\u2019effacement de celles-ci ou une limitation du traitement. Vous pouvez vous opposer au traitement des donn\u00e9es vous concernant et vous disposez du droit de retirer votre consentement \u00e0 tout moment en vous adressant \u00e0 :&nbsp;<a href=\"mailto:cours.omega@gmail.com\">cours.omega@gmail.com<\/a>. Vous avez la possibilit\u00e9 d\u2019introduire une r\u00e9clamation aupr\u00e8s de la CNIL.<\/p>\n","protected":false},"excerpt":{"rendered":"<p>Ce formulaire* permettra \u00e0 l&rsquo;\u00e9quipe p\u00e9dagogique de Cours Omega de pr\u00e9parer au mieux le planning des cours 2025. Suite \u00e0 l&rsquo;enregistrement de votre demande, nous vous contacterons pour confirmer les dates et les horaires des s\u00e9ances. *Remplir un formulaire par \u00e9l\u00e8ve Vos informations personnelles recueillies par notre formulaire font l\u2019objet d\u2019un traitement destin\u00e9 \u00e0 Cours [&hellip;]<\/p>\n","protected":false},"author":1,"featured_media":0,"parent":0,"menu_order":0,"comment_status":"closed","ping_status":"closed","template":"","meta":{"footnotes":""},"class_list":["post-34","page","type-page","status-publish","hentry"],"yoast_head":"<!-- This site is optimized with the Yoast SEO plugin v27.6 - https:\/\/yoast.com\/product\/yoast-seo-wordpress\/ -->\n<title>Pr\u00e9-inscription - Cours Omega NC<\/title>\n<meta name=\"robots\" content=\"noindex, nofollow\" \/>\n<meta property=\"og:locale\" content=\"fr_FR\" \/>\n<meta property=\"og:type\" content=\"article\" \/>\n<meta property=\"og:title\" content=\"Pr\u00e9-inscription - Cours Omega NC\" \/>\n<meta property=\"og:description\" content=\"Ce formulaire* permettra \u00e0 l&rsquo;\u00e9quipe p\u00e9dagogique de Cours Omega de pr\u00e9parer au mieux le planning des cours 2025. Suite \u00e0 l&rsquo;enregistrement de votre demande, nous vous contacterons pour confirmer les dates et les horaires des s\u00e9ances. *Remplir un formulaire par \u00e9l\u00e8ve Vos informations personnelles recueillies par notre formulaire font l\u2019objet d\u2019un traitement destin\u00e9 \u00e0 Cours [&hellip;]\" \/>\n<meta property=\"og:url\" content=\"https:\/\/soutien-scolaire.advancepro.nc\/\" \/>\n<meta property=\"og:site_name\" content=\"Cours Omega NC\" \/>\n<meta property=\"article:publisher\" content=\"https:\/\/fr-fr.facebook.com\/coursomegaNC\/\" \/>\n<meta property=\"article:modified_time\" content=\"2024-11-03T23:25:00+00:00\" \/>\n<meta name=\"twitter:card\" content=\"summary_large_image\" \/>\n<meta name=\"twitter:label1\" content=\"Dur\u00e9e de lecture estim\u00e9e\" \/>\n\t<meta name=\"twitter:data1\" content=\"1 minute\" \/>\n<script type=\"application\/ld+json\" class=\"yoast-schema-graph\">{\"@context\":\"https:\\\/\\\/schema.org\",\"@graph\":[{\"@type\":\"WebPage\",\"@id\":\"https:\\\/\\\/soutien-scolaire.advancepro.nc\\\/\",\"url\":\"https:\\\/\\\/soutien-scolaire.advancepro.nc\\\/\",\"name\":\"Pr\u00e9-inscription - Cours Omega NC\",\"isPartOf\":{\"@id\":\"https:\\\/\\\/soutien-scolaire.advancepro.nc\\\/#website\"},\"datePublished\":\"2022-12-28T23:35:09+00:00\",\"dateModified\":\"2024-11-03T23:25:00+00:00\",\"breadcrumb\":{\"@id\":\"https:\\\/\\\/soutien-scolaire.advancepro.nc\\\/#breadcrumb\"},\"inLanguage\":\"fr-FR\",\"potentialAction\":[{\"@type\":\"ReadAction\",\"target\":[\"https:\\\/\\\/soutien-scolaire.advancepro.nc\\\/\"]}]},{\"@type\":\"BreadcrumbList\",\"@id\":\"https:\\\/\\\/soutien-scolaire.advancepro.nc\\\/#breadcrumb\",\"itemListElement\":[{\"@type\":\"ListItem\",\"position\":1,\"name\":\"Accueil\",\"item\":\"https:\\\/\\\/soutien-scolaire.advancepro.nc\\\/\"},{\"@type\":\"ListItem\",\"position\":2,\"name\":\"Pr\u00e9-inscription\"}]},{\"@type\":\"WebSite\",\"@id\":\"https:\\\/\\\/soutien-scolaire.advancepro.nc\\\/#website\",\"url\":\"https:\\\/\\\/soutien-scolaire.advancepro.nc\\\/\",\"name\":\"My OMEGA\",\"description\":\"La r\u00e9ussite n&#039;attend que toi !\",\"publisher\":{\"@id\":\"https:\\\/\\\/soutien-scolaire.advancepro.nc\\\/#organization\"},\"potentialAction\":[{\"@type\":\"SearchAction\",\"target\":{\"@type\":\"EntryPoint\",\"urlTemplate\":\"https:\\\/\\\/soutien-scolaire.advancepro.nc\\\/?s={search_term_string}\"},\"query-input\":{\"@type\":\"PropertyValueSpecification\",\"valueRequired\":true,\"valueName\":\"search_term_string\"}}],\"inLanguage\":\"fr-FR\"},{\"@type\":\"Organization\",\"@id\":\"https:\\\/\\\/soutien-scolaire.advancepro.nc\\\/#organization\",\"name\":\"Cours Omega\",\"url\":\"https:\\\/\\\/soutien-scolaire.advancepro.nc\\\/\",\"logo\":{\"@type\":\"ImageObject\",\"inLanguage\":\"fr-FR\",\"@id\":\"https:\\\/\\\/soutien-scolaire.advancepro.nc\\\/#\\\/schema\\\/logo\\\/image\\\/\",\"url\":\"https:\\\/\\\/soutien-scolaire.advancepro.nc\\\/wp-content\\\/uploads\\\/2022\\\/12\\\/logo-Cours-Omega.jpg\",\"contentUrl\":\"https:\\\/\\\/soutien-scolaire.advancepro.nc\\\/wp-content\\\/uploads\\\/2022\\\/12\\\/logo-Cours-Omega.jpg\",\"width\":239,\"height\":202,\"caption\":\"Cours Omega\"},\"image\":{\"@id\":\"https:\\\/\\\/soutien-scolaire.advancepro.nc\\\/#\\\/schema\\\/logo\\\/image\\\/\"},\"sameAs\":[\"https:\\\/\\\/fr-fr.facebook.com\\\/coursomegaNC\\\/\"]}]}<\/script>\n<!-- \/ Yoast SEO plugin. -->","yoast_head_json":{"title":"Pr\u00e9-inscription - Cours Omega NC","robots":{"index":"noindex","follow":"nofollow"},"og_locale":"fr_FR","og_type":"article","og_title":"Pr\u00e9-inscription - Cours Omega NC","og_description":"Ce formulaire* permettra \u00e0 l&rsquo;\u00e9quipe p\u00e9dagogique de Cours Omega de pr\u00e9parer au mieux le planning des cours 2025. Suite \u00e0 l&rsquo;enregistrement de votre demande, nous vous contacterons pour confirmer les dates et les horaires des s\u00e9ances. *Remplir un formulaire par \u00e9l\u00e8ve Vos informations personnelles recueillies par notre formulaire font l\u2019objet d\u2019un traitement destin\u00e9 \u00e0 Cours [&hellip;]","og_url":"https:\/\/soutien-scolaire.advancepro.nc\/","og_site_name":"Cours Omega NC","article_publisher":"https:\/\/fr-fr.facebook.com\/coursomegaNC\/","article_modified_time":"2024-11-03T23:25:00+00:00","twitter_card":"summary_large_image","twitter_misc":{"Dur\u00e9e de lecture estim\u00e9e":"1 minute"},"schema":{"@context":"https:\/\/schema.org","@graph":[{"@type":"WebPage","@id":"https:\/\/soutien-scolaire.advancepro.nc\/","url":"https:\/\/soutien-scolaire.advancepro.nc\/","name":"Pr\u00e9-inscription - Cours Omega NC","isPartOf":{"@id":"https:\/\/soutien-scolaire.advancepro.nc\/#website"},"datePublished":"2022-12-28T23:35:09+00:00","dateModified":"2024-11-03T23:25:00+00:00","breadcrumb":{"@id":"https:\/\/soutien-scolaire.advancepro.nc\/#breadcrumb"},"inLanguage":"fr-FR","potentialAction":[{"@type":"ReadAction","target":["https:\/\/soutien-scolaire.advancepro.nc\/"]}]},{"@type":"BreadcrumbList","@id":"https:\/\/soutien-scolaire.advancepro.nc\/#breadcrumb","itemListElement":[{"@type":"ListItem","position":1,"name":"Accueil","item":"https:\/\/soutien-scolaire.advancepro.nc\/"},{"@type":"ListItem","position":2,"name":"Pr\u00e9-inscription"}]},{"@type":"WebSite","@id":"https:\/\/soutien-scolaire.advancepro.nc\/#website","url":"https:\/\/soutien-scolaire.advancepro.nc\/","name":"My OMEGA","description":"La r\u00e9ussite n&#039;attend que toi !","publisher":{"@id":"https:\/\/soutien-scolaire.advancepro.nc\/#organization"},"potentialAction":[{"@type":"SearchAction","target":{"@type":"EntryPoint","urlTemplate":"https:\/\/soutien-scolaire.advancepro.nc\/?s={search_term_string}"},"query-input":{"@type":"PropertyValueSpecification","valueRequired":true,"valueName":"search_term_string"}}],"inLanguage":"fr-FR"},{"@type":"Organization","@id":"https:\/\/soutien-scolaire.advancepro.nc\/#organization","name":"Cours Omega","url":"https:\/\/soutien-scolaire.advancepro.nc\/","logo":{"@type":"ImageObject","inLanguage":"fr-FR","@id":"https:\/\/soutien-scolaire.advancepro.nc\/#\/schema\/logo\/image\/","url":"https:\/\/soutien-scolaire.advancepro.nc\/wp-content\/uploads\/2022\/12\/logo-Cours-Omega.jpg","contentUrl":"https:\/\/soutien-scolaire.advancepro.nc\/wp-content\/uploads\/2022\/12\/logo-Cours-Omega.jpg","width":239,"height":202,"caption":"Cours Omega"},"image":{"@id":"https:\/\/soutien-scolaire.advancepro.nc\/#\/schema\/logo\/image\/"},"sameAs":["https:\/\/fr-fr.facebook.com\/coursomegaNC\/"]}]}},"_links":{"self":[{"href":"https:\/\/soutien-scolaire.advancepro.nc\/index.php?rest_route=\/wp\/v2\/pages\/34","targetHints":{"allow":["GET"]}}],"collection":[{"href":"https:\/\/soutien-scolaire.advancepro.nc\/index.php?rest_route=\/wp\/v2\/pages"}],"about":[{"href":"https:\/\/soutien-scolaire.advancepro.nc\/index.php?rest_route=\/wp\/v2\/types\/page"}],"author":[{"embeddable":true,"href":"https:\/\/soutien-scolaire.advancepro.nc\/index.php?rest_route=\/wp\/v2\/users\/1"}],"replies":[{"embeddable":true,"href":"https:\/\/soutien-scolaire.advancepro.nc\/index.php?rest_route=%2Fwp%2Fv2%2Fcomments&post=34"}],"version-history":[{"count":3,"href":"https:\/\/soutien-scolaire.advancepro.nc\/index.php?rest_route=\/wp\/v2\/pages\/34\/revisions"}],"predecessor-version":[{"id":310,"href":"https:\/\/soutien-scolaire.advancepro.nc\/index.php?rest_route=\/wp\/v2\/pages\/34\/revisions\/310"}],"wp:attachment":[{"href":"https:\/\/soutien-scolaire.advancepro.nc\/index.php?rest_route=%2Fwp%2Fv2%2Fmedia&parent=34"}],"curies":[{"name":"wp","href":"https:\/\/api.w.org\/{rel}","templated":true}]}}